{"id":2014,"date":"2025-08-27T13:44:32","date_gmt":"2025-08-27T13:44:32","guid":{"rendered":"https:\/\/staging.nextstopilhagrande.com\/?post_type=product&#038;p=2014"},"modified":"2025-08-27T13:45:05","modified_gmt":"2025-08-27T13:45:05","slug":"%f0%9f%8e%a3-fishing-experience-scopri-la-pesca-tradizionale-di-ilha-grande-copy","status":"publish","type":"product","link":"https:\/\/staging.nextstopilhagrande.com\/es\/producto\/%f0%9f%8e%a3-fishing-experience-scopri-la-pesca-tradizionale-di-ilha-grande-copy\/","title":{"rendered":"\ud83c\udfa3 Fishing Experience &#8211; Scopri la Pesca Tradizionale di Ilha Grande"},"content":{"rendered":"","protected":false},"excerpt":{"rendered":"<p><span style=\"font-weight: 400;\">Vive la emoci\u00f3n de una<\/span><b>aut\u00e9ntica experiencia de pesca<\/b><span style=\"font-weight: 400;\"> en las aguas cristalinas de <\/span><b>Ilha Grande<\/b><span style=\"font-weight: 400;\">Un verdadero para\u00edso para los amantes de la pesca. \u00danete a nosotros para una jornada de pesca tradicional o deportiva, rodeado de paisajes h\u00famedos y aguas ricas en vida marina. Tanto si eres un pescador experto como un principiante, esta experiencia te permitir\u00e1 descubrir las maravillas del mar tropical, participando activamente en la pesca con t\u00e9cnicas locales.  <\/span><\/p>\n<h3><b>\ud83d\udc1f Cosa ti offriamo:<\/b><\/h3>\n<ul>\n<li style=\"font-weight: 400;\" aria-level=\"1\"><b>Escursioni in barca<\/b><span style=\"font-weight: 400;\"> con skipper esperti in luoghi esclusivi dell&#8217;isola<\/span><span style=\"font-weight: 400;\"><br \/>\n<\/span><\/li>\n<li style=\"font-weight: 400;\" aria-level=\"1\"><span style=\"font-weight: 400;\">Attrezzatura da pesca professionale (canne, esche e tutto il necessario)<\/span><span style=\"font-weight: 400;\"><br \/>\n<\/span><\/li>\n<li style=\"font-weight: 400;\" aria-level=\"1\"><span style=\"font-weight: 400;\">Oportunidad de pesca deportiva o tradicional, con posibilidad de pescar especies locales como <\/span><b>dorado, robalo, sardina y otros<\/b><b><br \/>\n<\/b><\/li>\n<li style=\"font-weight: 400;\" aria-level=\"1\"><span style=\"font-weight: 400;\">Apoyo de <\/span><b>gu\u00edas locales<\/b><span style=\"font-weight: 400;\">que te ense\u00f1ar\u00e1n las t\u00e9cnicas de pesca m\u00e1s eficaces<\/span><\/li>\n<li style=\"font-weight: 400;\" aria-level=\"1\">Rilascio delle specie non destinate al consumo, per tutelare l&#8217;ecosistema marino<\/li>\n<\/ul>\n","protected":false},"featured_media":1809,"comment_status":"open","ping_status":"closed","template":"","meta":{"_acf_changed":false},"tour-type":[],"product_brand":[],"product_cat":[62],"product_tag":[],"class_list":{"0":"post-2014","1":"product","2":"type-product","3":"status-publish","4":"has-post-thumbnail","6":"product_cat-experience-es","8":"first","9":"instock","10":"shipping-taxable","11":"product-type-simple"},"acf":[],"_links":{"self":[{"href":"https:\/\/staging.nextstopilhagrande.com\/es\/wp-json\/wp\/v2\/product\/2014","targetHints":{"allow":["GET"]}}],"collection":[{"href":"https:\/\/staging.nextstopilhagrande.com\/es\/wp-json\/wp\/v2\/product"}],"about":[{"href":"https:\/\/staging.nextstopilhagrande.com\/es\/wp-json\/wp\/v2\/types\/product"}],"replies":[{"embeddable":true,"href":"https:\/\/staging.nextstopilhagrande.com\/es\/wp-json\/wp\/v2\/comments?post=2014"}],"wp:featuredmedia":[{"embeddable":true,"href":"https:\/\/staging.nextstopilhagrande.com\/es\/wp-json\/wp\/v2\/media\/1809"}],"wp:attachment":[{"href":"https:\/\/staging.nextstopilhagrande.com\/es\/wp-json\/wp\/v2\/media?parent=2014"}],"wp:term":[{"taxonomy":"tour-type","embeddable":true,"href":"https:\/\/staging.nextstopilhagrande.com\/es\/wp-json\/wp\/v2\/tour-type?post=2014"},{"taxonomy":"product_brand","embeddable":true,"href":"https:\/\/staging.nextstopilhagrande.com\/es\/wp-json\/wp\/v2\/product_brand?post=2014"},{"taxonomy":"product_cat","embeddable":true,"href":"https:\/\/staging.nextstopilhagrande.com\/es\/wp-json\/wp\/v2\/product_cat?post=2014"},{"taxonomy":"product_tag","embeddable":true,"href":"https:\/\/staging.nextstopilhagrande.com\/es\/wp-json\/wp\/v2\/product_tag?post=2014"}],"curies":[{"name":"wp","href":"https:\/\/api.w.org\/{rel}","templated":true}]}}